{"id":1367,"date":"2025-10-23T08:04:45","date_gmt":"2025-10-23T08:04:45","guid":{"rendered":"https:\/\/iesuperior.pt\/?page_id=1367"},"modified":"2026-02-26T11:05:07","modified_gmt":"2026-02-26T11:05:07","slug":"homepage","status":"publish","type":"page","link":"https:\/\/iesuperior.pt\/en\/","title":{"rendered":"Homepage"},"content":{"rendered":"\t\t\t\t<section id=block_86e910231ff03723416f17023101313b class=\"content-block b-hero-slider\">\n\t\t\t\t\t\t\t<div class=\"swiper-container\">\n\t\t\t\t\t<ul class=\"swiper-wrapper\">\n\t\t\t\t\t\t\t\t\t\t\t\t\t\t\t\t\t\t\t\t<li class=\"swiper-slide --color-white\">\n\t\t\t\t\t\t\t\t<div class=\"media\">\n\t\t\t\t\t\t\t\t\t\t\t\t\t\t\t\t\t\t\t<div class=\"image\"><img loading=\"lazy\" decoding=\"async\" width=\"2560\" height=\"889\" src=\"https:\/\/iesuperior.pt\/wp-content\/uploads\/2026\/02\/Hero_IES-scaled.png\" class=\"attachment-full size-full\" alt=\"Imagem Ilustrativa Hero Banner IES\" srcset=\"https:\/\/iesuperior.pt\/wp-content\/uploads\/2026\/02\/Hero_IES-scaled.png 2560w, https:\/\/iesuperior.pt\/wp-content\/uploads\/2026\/02\/Hero_IES-300x104.png 300w, https:\/\/iesuperior.pt\/wp-content\/uploads\/2026\/02\/Hero_IES-1024x356.png 1024w, https:\/\/iesuperior.pt\/wp-content\/uploads\/2026\/02\/Hero_IES-768x267.png 768w, https:\/\/iesuperior.pt\/wp-content\/uploads\/2026\/02\/Hero_IES-1536x533.png 1536w, https:\/\/iesuperior.pt\/wp-content\/uploads\/2026\/02\/Hero_IES-2048x711.png 2048w, https:\/\/iesuperior.pt\/wp-content\/uploads\/2026\/02\/Hero_IES-18x6.png 18w\" sizes=\"auto, (max-width: 2560px) 100vw, 2560px\" \/><\/div>\n\t\t\t\t\t\t\t\t\t\t\t\t\t\t\t\t\t<\/div>\n\t\t\t\t\t\t\t\t<div class=\"container\">\n\t\t\t\t\t\t\t\t\t<div class=\"info\">\n\t\t\t\t\t\t\t\t\t\t\t\t\t\t\t\t\t\t\t\t\t\t\t\t\t\t\t\t\t\t\t<h2 class=\"title\">Instituto para o Ensino Superior, I.P.<\/h2>\t\t\t\t\t\t\t\t\t\t\t\t\t\t\t\t\t\t\t\t\t\t\t\t\t\t\t\t\t\t\t<div class=\"c-description\"><p>O Instituto para o Ensino Superior, I.P. (IES, I.P.) \u00e9 o organismo p\u00fablico respons\u00e1vel pela coordena\u00e7\u00e3o e execu\u00e7\u00e3o das pol\u00edticas p\u00fablicas no dom\u00ednio do ensino superior, resultante da agrega\u00e7\u00e3o de compet\u00eancias anteriormente asseguradas por diferentes entidades, com o objetivo de promover maior efici\u00eancia, articula\u00e7\u00e3o e proximidade ao sistema de ensino superior.<\/p>\n<\/div>\n\t\t\t\t\t\t\t\t\t\t\t\t\t\t\t\t\t\t\t\t\t\t\t\t\t\t\t\t\t\t\t<div class=\"btn-wrapper\">\n\t\t\t\t\t\t\t\t\t\t\t\t<a class=\"c-button --outlined --black\" href=\"https:\/\/iesuperior.pt\/sobre\/\" target=\"_self\">Saber mais sobre o IES<\/a>\t\t\t\t\t\t\t\t\t\t\t<\/div>\n\t\t\t\t\t\t\t\t\t\t\t\t\t\t\t\t\t\t\t<\/div>\n\t\t\t\t\t\t\t\t<\/div>\n\n\t\t\t\t\t\t\t<\/li>\n\t\t\t\t\t\t\t\t\t\t\t<\/ul>\n\t\t\t\t<\/div>\n\t\t\t\t\t\t\t\n\t\t<\/section>\n\t\n\n\n\t\t\t\t<section id=block_7712755bd8c1986ff86336b4254d7b2a class=\"content-block b-cards-section --bg-white --color-black --row-3-items --cards-image\">\n\n\t\t\t<div class=\"c-section-intro --align-center\">\n\t<div class=\"container\">\n\t\t\t\t\t\t\t<h2 class=\"headline-1\">Organismos Anteriores<\/h2>\t\t\t\t\t\t\t<div class=\"text c-description\"><p>Enquanto decorre a transi\u00e7\u00e3o, consulte aqui os sites:<\/p>\n<\/div>\t<\/div>\n<\/div>\n\n\t\t\t<div class=\"container\">\n\t\t\t\t\t\t\t\t\t\t\t\t\t\t\t\t\t\t\t\t\t\t\t\t\t\t<div class=\"cards-list --align-center\">\n\t\t\t\t\t\t\t\t\t\t\t\t\t\t\t<div id=\"originalText\" style=\"display: none;\">&lt;span data-no-translation&gt;DGES&lt;\/span&gt;<\/div>\t<div class=\"c-card-image --has-button\">\n\t\t\t\t\t<div class=\"image\"><img loading=\"lazy\" decoding=\"async\" width=\"600\" height=\"396\" src=\"https:\/\/iesuperior.pt\/wp-content\/uploads\/2026\/02\/DGES-logo-600x396.png\" class=\"attachment-card-thumb size-card-thumb\" alt=\"Logo Dire\u00e7\u00e3o-Geral do Ensino Superior\" srcset=\"https:\/\/iesuperior.pt\/wp-content\/uploads\/2026\/02\/DGES-logo-600x396.png 600w, https:\/\/iesuperior.pt\/wp-content\/uploads\/2026\/02\/DGES-logo-300x197.png 300w, https:\/\/iesuperior.pt\/wp-content\/uploads\/2026\/02\/DGES-logo-18x12.png 18w\" sizes=\"auto, (max-width: 600px) 100vw, 600px\" \/><\/div>\t\t<div class=\"info\">\n\t\t\t\t\t\t<h3 class=\"title\"><span>DGES<\/span><\/h3>\t\t\t\t\t\t\t\t\t\t<p class=\"aux-text\">Gest\u00e3o da rede e do acesso ao ensino superior, bem como do apoio social aos estudantes.<\/p>\t\t\t\t\t\t\t\t\t\t\t<div class=\"btn-wrapper\">\n\t\t\t\t\t<a href=\"https:\/\/www.dges.gov.pt\/pt\" target=\"_blank\" class=\"c-icon-button\" title=\"Ir para DGES\"><i class=\"icon-material\" aria-hidden=\"true\" data-icon=\"arrow_forward\"><\/i><\/a>\n\t\t\t\t<\/div>\n\t\t\t\t\t<\/div>\n\t<\/div>\n\t\t\t\t\t\t\t\t\t\t\t\t\t\t\t<div id=\"originalText\" style=\"display: none;\">&lt;span data-no-translation&gt;ANE+EF&lt;\/span&gt;<\/div>\t<div class=\"c-card-image --has-button\">\n\t\t\t\t\t<div class=\"image\"><img loading=\"lazy\" decoding=\"async\" width=\"600\" height=\"396\" src=\"https:\/\/iesuperior.pt\/wp-content\/uploads\/2026\/02\/Erasmus-logo-600x396.png\" class=\"attachment-card-thumb size-card-thumb\" alt=\"Erasmus-logo\" srcset=\"https:\/\/iesuperior.pt\/wp-content\/uploads\/2026\/02\/Erasmus-logo-600x396.png 600w, https:\/\/iesuperior.pt\/wp-content\/uploads\/2026\/02\/Erasmus-logo-300x199.png 300w, https:\/\/iesuperior.pt\/wp-content\/uploads\/2026\/02\/Erasmus-logo-18x12.png 18w\" sizes=\"auto, (max-width: 600px) 100vw, 600px\" \/><\/div>\t\t<div class=\"info\">\n\t\t\t\t\t\t<h3 class=\"title\"><span>ANE+EF<\/span><\/h3>\t\t\t\t\t\t\t\t\t\t<p class=\"aux-text\">Coordena\u00e7\u00e3o dos programas Erasmus+ e Europass. Apoio \u00e0 Internacionaliza\u00e7\u00e3o do Ensino e Forma\u00e7\u00e3o. Apoio ao Plano Nacional de Alojamento de Estudantes do Ensino Superior.<\/p>\t\t\t\t\t\t\t\t\t\t\t<div class=\"btn-wrapper\">\n\t\t\t\t\t<a href=\"https:\/\/erasmusmais.pt\/\" target=\"_blank\" class=\"c-icon-button\" title=\"Ir para ANE+EF\"><i class=\"icon-material\" aria-hidden=\"true\" data-icon=\"arrow_forward\"><\/i><\/a>\n\t\t\t\t<\/div>\n\t\t\t\t\t<\/div>\n\t<\/div>\n\t\t\t\t\t\t\t\t\t\t\t\t\t\t\t<div id=\"originalText\" style=\"display: none;\">&lt;span data-no-translation&gt;SGEC&lt;\/span&gt;<\/div>\t<div class=\"c-card-image --has-button\">\n\t\t\t\t\t<div class=\"image\"><img loading=\"lazy\" decoding=\"async\" width=\"600\" height=\"396\" src=\"https:\/\/iesuperior.pt\/wp-content\/uploads\/2025\/10\/SGEC-logo-600x396.jpg\" class=\"attachment-card-thumb size-card-thumb\" alt=\"Logo Secretaria-Geral da Educa\u00e7\u00e3o e Ci\u00eancia\" srcset=\"https:\/\/iesuperior.pt\/wp-content\/uploads\/2025\/10\/SGEC-logo-600x396.jpg 600w, https:\/\/iesuperior.pt\/wp-content\/uploads\/2025\/10\/SGEC-logo-300x199.jpg 300w, https:\/\/iesuperior.pt\/wp-content\/uploads\/2025\/10\/SGEC-logo-18x12.jpg 18w\" sizes=\"auto, (max-width: 600px) 100vw, 600px\" \/><\/div>\t\t<div class=\"info\">\n\t\t\t\t\t\t<h3 class=\"title\"><span>SGEC<\/span><\/h3>\t\t\t\t\t\t\t\t\t\t<p class=\"aux-text\">Apoio jur\u00eddico aos organismos da educa\u00e7\u00e3o e da ci\u00eancia.<\/p>\t\t\t\t\t\t\t\t\t\t\t<div class=\"btn-wrapper\">\n\t\t\t\t\t<a href=\"https:\/\/www.sec-geral.mec.pt\/\" target=\"_blank\" class=\"c-icon-button\" title=\"Ir para SGEC\"><i class=\"icon-material\" aria-hidden=\"true\" data-icon=\"arrow_forward\"><\/i><\/a>\n\t\t\t\t<\/div>\n\t\t\t\t\t<\/div>\n\t<\/div>\n\t\t\t\t\t\t\t\t\t\t\t\t\t<\/div>\n\t\t\t\t\t\t\t\t\t\n\t\t\t\t\t\t\t<\/div>\n\n\t\t<\/section>\n\t\n\n\n\t\t\t\t<section id=block_c355c7da9f81d9e6c71066ac3dc8bf2e class=\"content-block b-image-text --bg-gray --img-right\">\n\n\t\t\t<div class=\"container\">\n\t\t\t\t\t\t\t\t\t<div class=\"image\"><img loading=\"lazy\" decoding=\"async\" width=\"1600\" height=\"1067\" src=\"https:\/\/iesuperior.pt\/wp-content\/uploads\/2026\/02\/O-que-mudou_2.jpg\" class=\"attachment-full size-full\" alt=\"Gr\u00e1fico da transi\u00e7\u00e3o dos organismos anteriores para o IES\" srcset=\"https:\/\/iesuperior.pt\/wp-content\/uploads\/2026\/02\/O-que-mudou_2.jpg 1600w, https:\/\/iesuperior.pt\/wp-content\/uploads\/2026\/02\/O-que-mudou_2-300x200.jpg 300w, https:\/\/iesuperior.pt\/wp-content\/uploads\/2026\/02\/O-que-mudou_2-1024x683.jpg 1024w, https:\/\/iesuperior.pt\/wp-content\/uploads\/2026\/02\/O-que-mudou_2-768x512.jpg 768w, https:\/\/iesuperior.pt\/wp-content\/uploads\/2026\/02\/O-que-mudou_2-1536x1024.jpg 1536w, https:\/\/iesuperior.pt\/wp-content\/uploads\/2026\/02\/O-que-mudou_2-18x12.jpg 18w\" sizes=\"auto, (max-width: 1600px) 100vw, 1600px\" \/><\/div>\n\t\t\t\t\t\t\t\t<div class=\"info\">\n\t\t\t\t\t\t\t\t\t\t\t<span class=\"caption\">Sobre<\/span>\n\t\t\t\t\t\t\t\t\t\t\t\t\t\t\t\t<h2 class=\"title\">O que mudou<\/h2>\t\t\t\t\t\t\t\t\t\t\t\t\t\t\t\t<div class=\"c-description\"><p>O IES, I.P. resulta de um processo de reorganiza\u00e7\u00e3o da Administra\u00e7\u00e3o P\u00fablica, que agregou num \u00fanico organismo compet\u00eancias anteriormente asseguradas por diferentes entidades, promovendo maior articula\u00e7\u00e3o, efici\u00eancia e coer\u00eancia na atua\u00e7\u00e3o do Estado no dom\u00ednio do ensino superior.<\/p>\n<\/div>\n\t\t\t\t\t\t\t\t\t\t\t\t\t\t<\/div>\n\t\t\t<\/div>\n\n\t\t<\/section>\n\t\n\n\n\t\t\t\t<section id=block_ae2e6bc32eb9d9cbc849358502e7bea0 class=\"content-block b-cards-section --bg-white --color-black --row-3-items --cards-info\">\n\n\t\t\t<div class=\"c-section-intro --align-center\">\n\t<div class=\"container\">\n\t\t\t\t\t<span class=\"caption\">Servi\u00e7os<\/span>\t\t\t\t\t<h2 class=\"headline-1\">\u00c1reas de atua\u00e7\u00e3o<\/h2>\t\t\t\t\t<\/div>\n<\/div>\n\n\t\t\t<div class=\"container\">\n\t\t\t\t\t\t\t\t\t\t\t\t\t\t\t\t\t\t\t\t\t\t\t\t\t\t<div class=\"cards-list --align-left --bg-white --border-gray\">\n\t\t\t\t\t\t\t\t\t\t\t\t\t\t\t\t\t\t\t\t\t\t\t<div class=\"c-card-info\">\n\t\t<div class=\"info\">\n\t\t\t\t\t\t\t<div class=\"icon\"><i class=\"icon-material\" data-icon=\"\"><\/i><\/div>\t\t\t<h3 class=\"title\"><span>Apoio ao Estudante no Ensino Superior<\/span><\/h3>\t\t\t\t\t\t\t<div class=\"c-description\">\n\t\t\t\t\t<p>Gest\u00e3o e acompanhamento das medidas de apoio ao estudante, incluindo bolsas, apoios sociais e medidas de promo\u00e7\u00e3o da equidade, e apoio \u00e0s medidas de apoio ao alojamento no ensino superior.<\/p>\n\t\t\t\t<\/div>\n\t\t\t\t\t\t\t\t<\/div>\n\t<\/div>\n\t\t\t\t\t\t\t\t\t\t\t\t\t\t\t\t\t\t\t\t\t\t\t\t<div class=\"c-card-info\">\n\t\t<div class=\"info\">\n\t\t\t\t\t\t\t<div class=\"icon\"><i class=\"icon-material\" data-icon=\"\"><\/i><\/div>\t\t\t<h3 class=\"title\"><span>Internacionaliza\u00e7\u00e3o da Educa\u00e7\u00e3o e Forma\u00e7\u00e3o<\/span><\/h3>\t\t\t\t\t\t\t<div class=\"c-description\">\n\t\t\t\t\t<p>Apoio \u00e0 internacionaliza\u00e7\u00e3o das institui\u00e7\u00f5es atrav\u00e9s de parcerias, redes, promo\u00e7\u00e3o externa e refor\u00e7o da atratividade internacional.<\/p>\n\t\t\t\t<\/div>\n\t\t\t\t\t\t\t\t<\/div>\n\t<\/div>\n\t\t\t\t\t\t\t\t\t\t\t\t\t\t\t\t\t\t\t\t\t\t\t\t<div class=\"c-card-info\">\n\t\t<div class=\"info\">\n\t\t\t\t\t\t\t<div class=\"icon\"><i class=\"icon-material\" data-icon=\"\"><\/i><\/div>\t\t\t<h3 class=\"title\"><span>Gest\u00e3o do Programa Erasmus+ e Europass<\/span><\/h3>\t\t\t\t\t\t\t<div class=\"c-description\">\n\t\t\t\t\t<p>Gest\u00e3o e execu\u00e7\u00e3o do Programa Erasmus+ nos dom\u00ednios da educa\u00e7\u00e3o e forma\u00e7\u00e3o, incluindo mobilidade, bolsas, parcerias e a coordena\u00e7\u00e3o nacional da Iniciativa Europass.<\/p>\n\t\t\t\t<\/div>\n\t\t\t\t\t\t\t\t<\/div>\n\t<\/div>\n\t\t\t\t\t\t\t\t\t\t\t\t\t\t\t\t\t\t\t\t\t<\/div>\n\t\t\t\t\t\t\t\t\t\n\t\t\t\t\t\t\t\t\t<div class=\"btn-wrapper\"><a class=\"c-button --brand --icon\" href=\"https:\/\/iesuperior.pt\/servicos\" target=\"_self\">Ver todos <i class=\"icon-material\" data-icon=\"arrow_forward\"><\/i><\/a><\/div>\n\t\t\t\t\t\t\t<\/div>\n\n\t\t<\/section>\n\t\n\n\n\t\t\t\t<section id=block_ca8d8b4c6704f30b041ed4f2e23ab7d3 class=\"content-block b-cards-section --bg-white --color-black --row-3-items --cards-info\">\n\n\t\t\t<div class=\"c-section-intro --align-center\">\n\t<div class=\"container\">\n\t\t\t\t\t\t\t<h2 class=\"headline-1\">Documentos e Legisla\u00e7\u00e3o<\/h2>\t\t\t\t\t\t\t<div class=\"text c-description\"><p>Aceda aos principais documentos enquadradores da cria\u00e7\u00e3o, organiza\u00e7\u00e3o\u2028e funcionamento do IES, I.P.<\/p>\n<\/div>\t<\/div>\n<\/div>\n\n\t\t\t<div class=\"container\">\n\t\t\t\t\t\t\t\t\t\t\t\t\t\t\t\t\t\t\t\t\t\t\t\t\t\t<div class=\"cards-list --align-left --bg-white --border-gray\">\n\t\t\t\t\t\t\t\t\t\t\t\t\t\t\t\t\t\t\t\t\t\t\t<div class=\"c-card-info --has-button\">\n\t\t<div class=\"info\">\n\t\t\t\t\t\t\t<div class=\"icon\"><i class=\"icon-material\" data-icon=\"docs\"><\/i><\/div>\t\t\t<h3 class=\"title\"><span>Diploma de cria\u00e7\u00e3o do IES, I.P.<\/span><\/h3>\t\t\t\t\t\t\t<div class=\"c-description\">\n\t\t\t\t\t<p>Diploma legal que cria o Instituto para o Ensino Superior, I.P.<\/p>\n\t\t\t\t<\/div>\n\t\t\t\t\t\t\t\t\t\t\t\t\t\t<div class=\"btn-wrapper\">\n\t\t\t\t\t<a href=\"https:\/\/iesuperior.pt\/wp-content\/uploads\/2026\/02\/Criacao-do-IES.pdf\" target=\"_blank\" class=\"c-icon-button stretched-link\" title=\"Ir paraIr para Diploma de cria\u00e7\u00e3o do IES, I.P.\"><i class=\"icon-material\" aria-hidden=\"true\" data-icon=\"arrow_forward\"><\/i><\/a>\n\t\t\t\t<\/div>\n\t\t\t\t\t<\/div>\n\t<\/div>\n\t\t\t\t\t\t\t\t\t\t\t\t\t\t\t\t\t\t\t\t\t\t\t\t<div class=\"c-card-info --has-button\">\n\t\t<div class=\"info\">\n\t\t\t\t\t\t\t<div class=\"icon\"><i class=\"icon-material\" data-icon=\"docs\"><\/i><\/div>\t\t\t<h3 class=\"title\"><span>Nomea\u00e7\u00e3o do Conselho Diretivo<\/span><\/h3>\t\t\t\t\t\t\t<div class=\"c-description\">\n\t\t\t\t\t<p>Despacho de nomea\u00e7\u00e3o dos membros do Conselho Diretivo.<\/p>\n\t\t\t\t<\/div>\n\t\t\t\t\t\t\t\t\t\t\t\t\t\t<div class=\"btn-wrapper\">\n\t\t\t\t\t<a href=\"https:\/\/iesuperior.pt\/wp-content\/uploads\/2026\/02\/Conselho-Diretivo-do-IES.pdf\" target=\"_blank\" class=\"c-icon-button stretched-link\" title=\"Ir paraIr para Nomea\u00e7\u00e3o do Conselho Diretivo\"><i class=\"icon-material\" aria-hidden=\"true\" data-icon=\"arrow_forward\"><\/i><\/a>\n\t\t\t\t<\/div>\n\t\t\t\t\t<\/div>\n\t<\/div>\n\t\t\t\t\t\t\t\t\t\t\t\t\t\t\t\t\t\t\t\t\t\t\t\t<div class=\"c-card-info --has-button\">\n\t\t<div class=\"info\">\n\t\t\t\t\t\t\t<div class=\"icon\"><i class=\"icon-material\" data-icon=\"docs\"><\/i><\/div>\t\t\t<h3 class=\"title\"><span>Estatutos do Instituto<\/span><\/h3>\t\t\t\t\t\t\t<div class=\"c-description\">\n\t\t\t\t\t<p>Estatutos que definem a organiza\u00e7\u00e3o e funcionamento do Instituto.<\/p>\n\t\t\t\t<\/div>\n\t\t\t\t\t\t\t\t\t\t\t\t\t\t<div class=\"btn-wrapper\">\n\t\t\t\t\t<a href=\"https:\/\/iesuperior.pt\/wp-content\/uploads\/2026\/02\/Estatutos-do-IES.pdf\" target=\"_blank\" class=\"c-icon-button stretched-link\" title=\"Ir paraIr para Estatutos do Instituto\"><i class=\"icon-material\" aria-hidden=\"true\" data-icon=\"arrow_forward\"><\/i><\/a>\n\t\t\t\t<\/div>\n\t\t\t\t\t<\/div>\n\t<\/div>\n\t\t\t\t\t\t\t\t\t\t\t\t\t\t\t\t\t\t\t\t\t<\/div>\n\t\t\t\t\t\t\t\t\t\n\t\t\t\t\t\t\t\t\t<div class=\"btn-wrapper\"><a class=\"c-button --brand --icon\" href=\"\/documentos\/\" target=\"_self\">Consultar todos os documentos <i class=\"icon-material\" data-icon=\"arrow_forward\"><\/i><\/a><\/div>\n\t\t\t\t\t\t\t<\/div>\n\n\t\t<\/section>\n\t\n\n\n\t\t\t\t<section id=block_2ff4ae410523fcce8ad5069d8f195d5c class=\"content-block b-news --bg-white\">\n\n\t\t\t<div class=\"c-section-intro --align-center\">\n\t<div class=\"container\">\n\t\t\t\t\t<span class=\"caption\">Not\u00edcias<\/span>\t\t\t\t\t<h2 class=\"headline-1\">Avisos e Not\u00edcias<\/h2>\t\t\t\t\t<\/div>\n<\/div>\n\n\t\t\t\n\t\t\t\t\t\t\t<div class=\"container\">\n\t\t\t\t\t<div class=\"news-list\">\n\t\t\t\t\t\t\t\t\t\t\t\t\t<div class=\"c-news-item\">\n\t<div id=\"TranslatedTitle\" style=\"display: none;\">\n\t\t&lt;span data-no-translation&gt;Criado o Instituto para o Ensino Superior, I.P.&lt;\/span&gt;\t<\/div>\n\n\t\n\t\t\t<div class=\"image\"><img loading=\"lazy\" decoding=\"async\" width=\"1\" height=\"1\" src=\"https:\/\/iesuperior.pt\/wp-content\/uploads\/2026\/02\/Imagem_Cards.svg\" class=\"attachment-card-thumb size-card-thumb\" alt=\"Imagem_Cards\" \/><\/div>\t<div class=\"info\">\n\t\t\t\t<span class=\"date\">11 Mar 2026<\/span>\n\t\t<h3 class=\"title\"><span>Criado o Instituto para o Ensino Superior, I.P.<\/span><\/h3>\t\t\t\t\t<div class=\"c-description\">\n\t\t\t\t<p>Foi criado o Instituto para o Ensino Superior, I.P. (IES, I.P.), atrav\u00e9s do Decreto-Lei n.\u00ba 109\/2025, de 25 de setembro, no \u00e2mbito da reforma org\u00e2nica da Administra\u00e7\u00e3o P\u00fablica. O IES, I.P. surge como organismo da administra\u00e7\u00e3o indireta do Estado, dotado de autonomia administrativa, financeira e patrimonial, com o objetivo de concentrar, modernizar e refor\u00e7ar a [&hellip;]<\/p>\t\t\t<\/div>\n\t\t\t\t\t\t<div class=\"btn-wrapper\"><a href=\"https:\/\/iesuperior.pt\/en\/criado-o-instituto-para-o-ensino-superior-i-p\/\" class=\"c-icon-button\" title=\"Ir para Criado o Instituto para o Ensino Superior, I.P.\"><i class=\"icon-material\" aria-hidden=\"true\" data-icon=\"arrow_forward\"><\/i><\/a><\/div>\n\t<\/div>\n<\/div>\n\t\t\t\t\t\t\t\t\t\t\t\t\t<div class=\"c-news-item\">\n\t<div id=\"TranslatedTitle\" style=\"display: none;\">\n\t\t&lt;span data-no-translation&gt;Ag\u00eancia Nacional Erasmus+ Educa\u00e7\u00e3o e Forma\u00e7\u00e3o encerra atividade&lt;\/span&gt;\t<\/div>\n\n\t\n\t\t\t<div class=\"image\"><img loading=\"lazy\" decoding=\"async\" width=\"1\" height=\"1\" src=\"https:\/\/iesuperior.pt\/wp-content\/uploads\/2026\/02\/Imagem_Cards.svg\" class=\"attachment-card-thumb size-card-thumb\" alt=\"Imagem_Cards\" \/><\/div>\t<div class=\"info\">\n\t\t\t\t<span class=\"date\">11 Mar 2026<\/span>\n\t\t<h3 class=\"title\"><span>Ag\u00eancia Nacional Erasmus+ Educa\u00e7\u00e3o e Forma\u00e7\u00e3o encerra atividade<\/span><\/h3>\t\t\t\t\t<div class=\"c-description\">\n\t\t\t\t<p>A Ag\u00eancia Nacional Erasmus+ Educa\u00e7\u00e3o e Forma\u00e7\u00e3o concluiu a sua miss\u00e3o institucional no quadro da reorganiza\u00e7\u00e3o da Administra\u00e7\u00e3o P\u00fablica, encerrando um percurso marcado pela promo\u00e7\u00e3o da mobilidade, coopera\u00e7\u00e3o e internacionaliza\u00e7\u00e3o da educa\u00e7\u00e3o e forma\u00e7\u00e3o em Portugal. Durante a sua atividade, a Ag\u00eancia foi respons\u00e1vel pela gest\u00e3o do Programa Erasmus+ nos dom\u00ednios da educa\u00e7\u00e3o e forma\u00e7\u00e3o, [&hellip;]<\/p>\t\t\t<\/div>\n\t\t\t\t\t\t<div class=\"btn-wrapper\"><a href=\"https:\/\/iesuperior.pt\/en\/agencia-nacional-erasmus-educacao-e-formacao-encerra-atividade\/\" class=\"c-icon-button\" title=\"Ir para Ag\u00eancia Nacional Erasmus+ Educa\u00e7\u00e3o e Forma\u00e7\u00e3o encerra atividade\"><i class=\"icon-material\" aria-hidden=\"true\" data-icon=\"arrow_forward\"><\/i><\/a><\/div>\n\t<\/div>\n<\/div>\n\t\t\t\t\t\t\t\t\t\t\t\t\t<div class=\"c-news-item\">\n\t<div id=\"TranslatedTitle\" style=\"display: none;\">\n\t\t&lt;span data-no-translation&gt;Dire\u00e7\u00e3o-Geral do Ensino Superior conclui ciclo institucional&lt;\/span&gt;\t<\/div>\n\n\t\n\t\t\t<div class=\"image\"><img loading=\"lazy\" decoding=\"async\" width=\"1\" height=\"1\" src=\"https:\/\/iesuperior.pt\/wp-content\/uploads\/2026\/02\/Imagem_Cards.svg\" class=\"attachment-card-thumb size-card-thumb\" alt=\"Imagem_Cards\" \/><\/div>\t<div class=\"info\">\n\t\t\t\t<span class=\"date\">11 Mar 2026<\/span>\n\t\t<h3 class=\"title\"><span>Dire\u00e7\u00e3o-Geral do Ensino Superior conclui ciclo institucional<\/span><\/h3>\t\t\t\t\t<div class=\"c-description\">\n\t\t\t\t<p>No \u00e2mbito da reforma da Administra\u00e7\u00e3o P\u00fablica, a Dire\u00e7\u00e3o-Geral do Ensino Superior (DGES) encerrou o seu ciclo institucional, ap\u00f3s d\u00e9cadas de servi\u00e7o dedicado ao desenvolvimento e moderniza\u00e7\u00e3o do ensino superior em Portugal. Ao longo da sua exist\u00eancia, a DGES desempenhou um papel central na defini\u00e7\u00e3o, acompanhamento e implementa\u00e7\u00e3o de pol\u00edticas p\u00fablicas para o setor, assegurando [&hellip;]<\/p>\t\t\t<\/div>\n\t\t\t\t\t\t<div class=\"btn-wrapper\"><a href=\"https:\/\/iesuperior.pt\/en\/direcao-geral-do-ensino-superior-conclui-ciclo-institucional\/\" class=\"c-icon-button\" title=\"Ir para Dire\u00e7\u00e3o-Geral do Ensino Superior conclui ciclo institucional\"><i class=\"icon-material\" aria-hidden=\"true\" data-icon=\"arrow_forward\"><\/i><\/a><\/div>\n\t<\/div>\n<\/div>\n\t\t\t\t\t\t\t\t\t\t\t<\/div>\n\t\t\t\t<\/div>\n\t\t\t\n\t\t<\/section>\n\t\n","protected":false},"excerpt":{"rendered":"","protected":false},"author":2,"featured_media":0,"parent":0,"menu_order":0,"comment_status":"closed","ping_status":"closed","template":"","meta":{"_acf_changed":false,"footnotes":""},"class_list":["post-1367","page","type-page","status-publish","hentry"],"acf":[],"yoast_head":"<!-- This site is optimized with the Yoast SEO plugin v27.4 - https:\/\/yoast.com\/product\/yoast-seo-wordpress\/ -->\n<title>Homepage - IES<\/title>\n<meta name=\"robots\" content=\"index, follow, max-snippet:-1, max-image-preview:large, max-video-preview:-1\" \/>\n<link rel=\"canonical\" href=\"https:\/\/dev.iesuperior.pt\/\" \/>\n<meta property=\"og:locale\" content=\"en_GB\" \/>\n<meta property=\"og:type\" content=\"article\" \/>\n<meta property=\"og:title\" content=\"Homepage - IES\" \/>\n<meta property=\"og:url\" content=\"https:\/\/dev.iesuperior.pt\/\" \/>\n<meta property=\"og:site_name\" content=\"IES\" \/>\n<meta property=\"article:modified_time\" content=\"2026-02-26T11:05:07+00:00\" \/>\n<meta name=\"twitter:card\" content=\"summary_large_image\" \/>\n<script type=\"application\/ld+json\" class=\"yoast-schema-graph\">{\"@context\":\"https:\\\/\\\/schema.org\",\"@graph\":[{\"@type\":\"WebPage\",\"@id\":\"https:\\\/\\\/dev.iesuperior.pt\\\/\",\"url\":\"https:\\\/\\\/dev.iesuperior.pt\\\/\",\"name\":\"Homepage - IES\",\"isPartOf\":{\"@id\":\"https:\\\/\\\/dev.iesuperior.pt\\\/#website\"},\"datePublished\":\"2025-10-23T08:04:45+00:00\",\"dateModified\":\"2026-02-26T11:05:07+00:00\",\"breadcrumb\":{\"@id\":\"https:\\\/\\\/dev.iesuperior.pt\\\/#breadcrumb\"},\"inLanguage\":\"en-GB\",\"potentialAction\":[{\"@type\":\"ReadAction\",\"target\":[\"https:\\\/\\\/dev.iesuperior.pt\\\/\"]}]},{\"@type\":\"BreadcrumbList\",\"@id\":\"https:\\\/\\\/dev.iesuperior.pt\\\/#breadcrumb\",\"itemListElement\":[{\"@type\":\"ListItem\",\"position\":1,\"name\":\"Home\",\"item\":\"https:\\\/\\\/dev.iesuperior.pt\\\/\"},{\"@type\":\"ListItem\",\"position\":2,\"name\":\"Homepage\"}]},{\"@type\":\"WebSite\",\"@id\":\"https:\\\/\\\/dev.iesuperior.pt\\\/#website\",\"url\":\"https:\\\/\\\/dev.iesuperior.pt\\\/\",\"name\":\"IES\",\"description\":\"Instituto para o Ensino Superior\",\"potentialAction\":[{\"@type\":\"SearchAction\",\"target\":{\"@type\":\"EntryPoint\",\"urlTemplate\":\"https:\\\/\\\/dev.iesuperior.pt\\\/?s={search_term_string}\"},\"query-input\":{\"@type\":\"PropertyValueSpecification\",\"valueRequired\":true,\"valueName\":\"search_term_string\"}}],\"inLanguage\":\"en-GB\"}]}<\/script>\n<!-- \/ Yoast SEO plugin. -->","yoast_head_json":{"title":"Homepage - IES","robots":{"index":"index","follow":"follow","max-snippet":"max-snippet:-1","max-image-preview":"max-image-preview:large","max-video-preview":"max-video-preview:-1"},"canonical":"https:\/\/dev.iesuperior.pt\/","og_locale":"en_GB","og_type":"article","og_title":"Homepage - IES","og_url":"https:\/\/dev.iesuperior.pt\/","og_site_name":"IES","article_modified_time":"2026-02-26T11:05:07+00:00","twitter_card":"summary_large_image","schema":{"@context":"https:\/\/schema.org","@graph":[{"@type":"WebPage","@id":"https:\/\/dev.iesuperior.pt\/","url":"https:\/\/dev.iesuperior.pt\/","name":"Homepage - IES","isPartOf":{"@id":"https:\/\/dev.iesuperior.pt\/#website"},"datePublished":"2025-10-23T08:04:45+00:00","dateModified":"2026-02-26T11:05:07+00:00","breadcrumb":{"@id":"https:\/\/dev.iesuperior.pt\/#breadcrumb"},"inLanguage":"en-GB","potentialAction":[{"@type":"ReadAction","target":["https:\/\/dev.iesuperior.pt\/"]}]},{"@type":"BreadcrumbList","@id":"https:\/\/dev.iesuperior.pt\/#breadcrumb","itemListElement":[{"@type":"ListItem","position":1,"name":"Home","item":"https:\/\/dev.iesuperior.pt\/"},{"@type":"ListItem","position":2,"name":"Homepage"}]},{"@type":"WebSite","@id":"https:\/\/dev.iesuperior.pt\/#website","url":"https:\/\/dev.iesuperior.pt\/","name":"IES","description":"Institute for Higher Education","potentialAction":[{"@type":"SearchAction","target":{"@type":"EntryPoint","urlTemplate":"https:\/\/dev.iesuperior.pt\/?s={search_term_string}"},"query-input":{"@type":"PropertyValueSpecification","valueRequired":true,"valueName":"search_term_string"}}],"inLanguage":"en-GB"}]}},"_links":{"self":[{"href":"https:\/\/iesuperior.pt\/en\/wp-json\/wp\/v2\/pages\/1367","targetHints":{"allow":["GET"]}}],"collection":[{"href":"https:\/\/iesuperior.pt\/en\/wp-json\/wp\/v2\/pages"}],"about":[{"href":"https:\/\/iesuperior.pt\/en\/wp-json\/wp\/v2\/types\/page"}],"author":[{"embeddable":true,"href":"https:\/\/iesuperior.pt\/en\/wp-json\/wp\/v2\/users\/2"}],"replies":[{"embeddable":true,"href":"https:\/\/iesuperior.pt\/en\/wp-json\/wp\/v2\/comments?post=1367"}],"version-history":[{"count":98,"href":"https:\/\/iesuperior.pt\/en\/wp-json\/wp\/v2\/pages\/1367\/revisions"}],"predecessor-version":[{"id":3259,"href":"https:\/\/iesuperior.pt\/en\/wp-json\/wp\/v2\/pages\/1367\/revisions\/3259"}],"wp:attachment":[{"href":"https:\/\/iesuperior.pt\/en\/wp-json\/wp\/v2\/media?parent=1367"}],"curies":[{"name":"wp","href":"https:\/\/api.w.org\/{rel}","templated":true}]}}