{"id":18,"date":"2025-10-13T11:55:28","date_gmt":"2025-10-13T11:55:28","guid":{"rendered":"https:\/\/iesuperior.pt\/?page_id=18"},"modified":"2026-02-20T16:46:19","modified_gmt":"2026-02-20T16:46:19","slug":"organismos-anteriores","status":"publish","type":"page","link":"https:\/\/iesuperior.pt\/en\/organismos-anteriores\/","title":{"rendered":"Previous Organisms"},"content":{"rendered":"<section id=\"block_a69f79c7a2f26ae82de369e31fb7a2d2\" class=\"content-block b-hero-slider\">\n\t\t\t\t\t\t\t<div class=\"swiper-container\">\n\t\t\t\t\t<ul class=\"swiper-wrapper\">\n\t\t\t\t\t\t\t\t\t\t\t\t\t\t\t\t\t\t\t\t<li class=\"swiper-slide --color-white\">\n\t\t\t\t\t\t\t\t<div class=\"media\">\n\t\t\t\t\t\t\t\t\t\t\t\t\t\t\t\t\t\t\t<div class=\"image\"><img loading=\"lazy\" decoding=\"async\" width=\"1440\" height=\"500\" src=\"https:\/\/iesuperior.pt\/wp-content\/uploads\/2026\/02\/Hero_Org-Anteriores_IES.png\" class=\"attachment-full size-full\" alt=\"Imagem Ilustrativa Hero Banner\" srcset=\"https:\/\/iesuperior.pt\/wp-content\/uploads\/2026\/02\/Hero_Org-Anteriores_IES.png 1440w, https:\/\/iesuperior.pt\/wp-content\/uploads\/2026\/02\/Hero_Org-Anteriores_IES-300x104.png 300w, https:\/\/iesuperior.pt\/wp-content\/uploads\/2026\/02\/Hero_Org-Anteriores_IES-1024x356.png 1024w, https:\/\/iesuperior.pt\/wp-content\/uploads\/2026\/02\/Hero_Org-Anteriores_IES-768x267.png 768w, https:\/\/iesuperior.pt\/wp-content\/uploads\/2026\/02\/Hero_Org-Anteriores_IES-18x6.png 18w\" sizes=\"auto, (max-width: 1440px) 100vw, 1440px\" \/><\/div>\n\t\t\t\t\t\t\t\t\t\t\t\t\t\t\t\t\t<\/div>\n\t\t\t\t\t\t\t\t<div class=\"container\">\n\t\t\t\t\t\t\t\t\t<div class=\"info\">\n\t\t\t\t\t\t\t\t\t\t\t\t\t\t\t\t\t\t\t\t\t\t\t\t\t\t\t\t\t\t\t<h1 class=\"title\">Previous Organisms<\/h1>\t\t\t\t\t\t\t\t\t\t\t\t\t\t\t\t\t\t\t\t\t\t\t\t\t\t\t\t\t\t\t<div class=\"c-description\"><p>The responsibilities, in whole or in part, of the Directorate-General for Higher Education (DGES), the General Secretariat for Education and Science (SGEC), and the National Erasmus+ Education and Training Agency (ANE+EF) have been integrated into the Institute for Higher Education, IP.<br \/>\nThe content available on the websites of the aforementioned entities remains in effect until the completion of their respective dissolution or integration processes.<\/p>\n<\/div>\n\t\t\t\t\t\t\t\t\t\t\t\t\t\t\t\t\t\t\t\t\t\t\t\t\t\t\t\t\t<\/div>\n\t\t\t\t\t\t\t\t<\/div>\n\n\t\t\t\t\t\t\t<\/li>\n\t\t\t\t\t\t\t\t\t\t\t<\/ul>\n\t\t\t\t<\/div>\n\t\t\t\t\t\t\t\n\t\t<\/section>\n\t\n\n\n\t\t\t\t<section id=\"block_d1ad995e173fb3d3ae0752d4924d86a3\" class=\"content-block b-image-text --bg-gray --img-right\">\n\n\t\t\t<div class=\"container\">\n\t\t\t\t\t\t\t\t\t<div class=\"image\"><img loading=\"lazy\" decoding=\"async\" width=\"768\" height=\"504\" src=\"https:\/\/iesuperior.pt\/wp-content\/uploads\/2026\/02\/DGES-logo.png\" class=\"attachment-full size-full\" alt=\"Logo Dire\u00e7\u00e3o-Geral do Ensino Superior\" srcset=\"https:\/\/iesuperior.pt\/wp-content\/uploads\/2026\/02\/DGES-logo.png 768w, https:\/\/iesuperior.pt\/wp-content\/uploads\/2026\/02\/DGES-logo-300x197.png 300w, https:\/\/iesuperior.pt\/wp-content\/uploads\/2026\/02\/DGES-logo-18x12.png 18w\" sizes=\"auto, (max-width: 768px) 100vw, 768px\" \/><\/div>\n\t\t\t\t\t\t\t\t<div class=\"info\">\n\t\t\t\t\t\t\t\t\t\t\t<span class=\"caption\">DGES<\/span>\n\t\t\t\t\t\t\t\t\t\t\t\t\t\t\t\t<h2 class=\"title\">Directorate-General for Higher Education<\/h2>\t\t\t\t\t\t\t\t\t\t\t\t\t\t\t\t<div class=\"c-description\"><p>The Directorate-General for Higher Education (DGES) was a central service of the direct administration of the State, integrated into the Ministry responsible for the area of Higher Education.<\/p>\n<p>Its mission was to support the definition, execution, and evaluation of public higher education policies, ensuring normative, technical, and administrative functions. In exercising its powers, the DGES contributed to the organization and functioning of the higher education system, in coordination with institutions, regulatory bodies, and other relevant national and international organizations.<\/p>\n<p>Among its main activities were:<\/p>\n<ul role=\"list\">\n<li>Technical support for the formulation of public policies in the field of higher education;<\/li>\n<li>The management and monitoring of access and admission processes to higher education;<\/li>\n<li>The registration of study cycles and support for the network of higher education institutions;<\/li>\n<li>Monitoring social action in higher education;<\/li>\n<li>Promoting academic mobility and international cooperation in higher education;<\/li>\n<li>Coordination with entities responsible for evaluating, accrediting, and regulating the system.<\/li>\n<\/ul>\n<p>Designs, organizes, and implements measures for risk prevention, security, and violence control in schools.<\/p>\n<\/div>\n\t\t\t\t\t\t\t\t\t\t\t\t\t\t\t\t<div class=\"btn-wrapper\">\n\t\t\t\t\t\t\t<a class=\"c-button --brand\" href=\"https:\/\/www.dges.gov.pt\/pt\" target=\"_blank\">Access DGES<\/a>\t\t\t\t\t\t\t\t\t\t\t\t\t<\/div>\n\t\t\t\t\t\t\t\t\t<\/div>\n\t\t\t<\/div>\n\n\t\t<\/section>\n\t\n\n\n\t\t\t\t<section id=\"block_195e9b57273c1fa028ddf69ee3b37794\" class=\"content-block b-image-text --bg-white --img-left\">\n\n\t\t\t<div class=\"container\">\n\t\t\t\t\t\t\t\t\t<div class=\"image\"><img loading=\"lazy\" decoding=\"async\" width=\"760\" height=\"504\" src=\"https:\/\/iesuperior.pt\/wp-content\/uploads\/2026\/02\/Erasmus-logo.png\" class=\"attachment-full size-full\" alt=\"Erasmus-logo\" srcset=\"https:\/\/iesuperior.pt\/wp-content\/uploads\/2026\/02\/Erasmus-logo.png 760w, https:\/\/iesuperior.pt\/wp-content\/uploads\/2026\/02\/Erasmus-logo-300x199.png 300w, https:\/\/iesuperior.pt\/wp-content\/uploads\/2026\/02\/Erasmus-logo-18x12.png 18w\" sizes=\"auto, (max-width: 760px) 100vw, 760px\" \/><\/div>\n\t\t\t\t\t\t\t\t<div class=\"info\">\n\t\t\t\t\t\t\t\t\t\t\t<span class=\"caption\">ANE+EF<\/span>\n\t\t\t\t\t\t\t\t\t\t\t\t\t\t\t\t<h2 class=\"title\">Erasmus+ National Agency for Education and Training<\/h2>\t\t\t\t\t\t\t\t\t\t\t\t\t\t\t\t<div class=\"c-description\"><p>The National Erasmus+ Education and Training Agency was the entity responsible in Portugal for promoting and managing the Erasmus+ Programme in the fields of education and training, also ensuring the management and execution of activities still in force from previous European programmes and the Europass Initiative.<\/p>\n<p>Its mission was to support the internationalization of education and vocational training, promoting mobility, European cooperation and participation in international networks, contributing to the quality, innovation and attractiveness of the Portuguese education and training system.<\/p>\n<p>In carrying out its duties, the Agency developed, in particular, the following activities:<\/p>\n<ul role=\"list\">\n<li>National management and implementation of the Erasmus+ Programme in the fields of education and training;<\/li>\n<li>Management of remaining activities from previous European programs and the Europass Initiative;<\/li>\n<li>Support for the internationalization of education and vocational training, encouraging participation in European networks of institutions, particularly in alignment with the &quot;European Universities&quot; initiative;<\/li>\n<li>Promoting the international attractiveness of educational and vocational training institutions;<\/li>\n<li>Support for the implementation of measures to strengthen accommodation in higher education, as foreseen in the National Plan for Student Accommodation in Higher Education.<\/li>\n<\/ul>\n<\/div>\n\t\t\t\t\t\t\t\t\t\t\t\t\t\t\t\t<div class=\"btn-wrapper\">\n\t\t\t\t\t\t\t<a class=\"c-button --brand\" href=\"https:\/\/erasmusmais.pt\/\" target=\"_blank\">Access ANE+EF<\/a>\t\t\t\t\t\t\t\t\t\t\t\t\t<\/div>\n\t\t\t\t\t\t\t\t\t<\/div>\n\t\t\t<\/div>\n\n\t\t<\/section>\n\t\n\n\n\t\t\t\t<section id=\"block_298d318880815cf238ad9bbd2e85ba28\" class=\"content-block b-image-text --bg-gray --img-right\">\n\n\t\t\t<div class=\"container\">\n\t\t\t\t\t\t\t\t\t<div class=\"image\"><img loading=\"lazy\" decoding=\"async\" width=\"760\" height=\"504\" src=\"https:\/\/iesuperior.pt\/wp-content\/uploads\/2025\/10\/SGEC-logo.jpg\" class=\"attachment-full size-full\" alt=\"Logo Secretaria-Geral da Educa\u00e7\u00e3o e Ci\u00eancia\" srcset=\"https:\/\/iesuperior.pt\/wp-content\/uploads\/2025\/10\/SGEC-logo.jpg 760w, https:\/\/iesuperior.pt\/wp-content\/uploads\/2025\/10\/SGEC-logo-300x199.jpg 300w, https:\/\/iesuperior.pt\/wp-content\/uploads\/2025\/10\/SGEC-logo-18x12.jpg 18w\" sizes=\"auto, (max-width: 760px) 100vw, 760px\" \/><\/div>\n\t\t\t\t\t\t\t\t<div class=\"info\">\n\t\t\t\t\t\t\t\t\t\t\t<span class=\"caption\">SGEC<\/span>\n\t\t\t\t\t\t\t\t\t\t\t\t\t\t\t\t<h2 class=\"title\">General Secretariat for Education and Science<\/h2>\t\t\t\t\t\t\t\t\t\t\t\t\t\t\t\t<div class=\"c-description\"><p>The General Secretariat for Education and Science (SGEC) was a central service of the direct administration of the State, integrated into the Ministry responsible for the areas of Education and Science, with functions of transversal support to the respective bodies and services.<\/p>\n<p>As part of its mission, SGEC ensured, among other things, legal support functions, providing technical and specialized advice to the Ministry&#039;s services and bodies, contributing to the legal compliance of administrative activity and the legal certainty of the decisions adopted.<\/p>\n<p>Within the scope of the administrative reorganization that led to its extinction, the legal support responsibilities of SGEC were transferred to the Institute for Higher Education, IP, which will now ensure the continuity of these functions within its area of operation.<\/p>\n<\/div>\n\t\t\t\t\t\t\t\t\t\t\t\t\t\t\t\t<div class=\"btn-wrapper\">\n\t\t\t\t\t\t\t<a class=\"c-button --brand\" href=\"https:\/\/www.sec-geral.mec.pt\/\" target=\"_blank\">Access SGEC<\/a>\t\t\t\t\t\t\t\t\t\t\t\t\t<\/div>\n\t\t\t\t\t\t\t\t\t<\/div>\n\t\t\t<\/div>\n\n\t\t<\/section>","protected":false},"excerpt":{"rendered":"","protected":false},"author":2,"featured_media":0,"parent":0,"menu_order":0,"comment_status":"closed","ping_status":"closed","template":"","meta":{"_acf_changed":false,"footnotes":""},"class_list":["post-18","page","type-page","status-publish","hentry"],"acf":[],"yoast_head":"<!-- This site is optimized with the Yoast SEO plugin v27.4 - https:\/\/yoast.com\/product\/yoast-seo-wordpress\/ -->\n<title>Organismos Anteriores - IES<\/title>\n<meta name=\"robots\" content=\"index, follow, max-snippet:-1, max-image-preview:large, max-video-preview:-1\" \/>\n<link rel=\"canonical\" href=\"https:\/\/dev.iesuperior.pt\/organismos-anteriores\/\" \/>\n<meta property=\"og:locale\" content=\"en_GB\" \/>\n<meta property=\"og:type\" content=\"article\" \/>\n<meta property=\"og:title\" content=\"Organismos Anteriores - IES\" \/>\n<meta property=\"og:url\" content=\"https:\/\/dev.iesuperior.pt\/organismos-anteriores\/\" \/>\n<meta property=\"og:site_name\" content=\"IES\" \/>\n<meta property=\"article:modified_time\" content=\"2026-02-20T16:46:19+00:00\" \/>\n<meta name=\"twitter:card\" content=\"summary_large_image\" \/>\n<script type=\"application\/ld+json\" class=\"yoast-schema-graph\">{\"@context\":\"https:\\\/\\\/schema.org\",\"@graph\":[{\"@type\":\"WebPage\",\"@id\":\"https:\\\/\\\/dev.iesuperior.pt\\\/organismos-anteriores\\\/\",\"url\":\"https:\\\/\\\/dev.iesuperior.pt\\\/organismos-anteriores\\\/\",\"name\":\"Organismos Anteriores - IES\",\"isPartOf\":{\"@id\":\"https:\\\/\\\/dev.iesuperior.pt\\\/#website\"},\"datePublished\":\"2025-10-13T11:55:28+00:00\",\"dateModified\":\"2026-02-20T16:46:19+00:00\",\"breadcrumb\":{\"@id\":\"https:\\\/\\\/dev.iesuperior.pt\\\/organismos-anteriores\\\/#breadcrumb\"},\"inLanguage\":\"en-GB\",\"potentialAction\":[{\"@type\":\"ReadAction\",\"target\":[\"https:\\\/\\\/dev.iesuperior.pt\\\/organismos-anteriores\\\/\"]}]},{\"@type\":\"BreadcrumbList\",\"@id\":\"https:\\\/\\\/dev.iesuperior.pt\\\/organismos-anteriores\\\/#breadcrumb\",\"itemListElement\":[{\"@type\":\"ListItem\",\"position\":1,\"name\":\"Home\",\"item\":\"https:\\\/\\\/dev.iesuperior.pt\\\/\"},{\"@type\":\"ListItem\",\"position\":2,\"name\":\"Organismos Anteriores\"}]},{\"@type\":\"WebSite\",\"@id\":\"https:\\\/\\\/dev.iesuperior.pt\\\/#website\",\"url\":\"https:\\\/\\\/dev.iesuperior.pt\\\/\",\"name\":\"IES\",\"description\":\"Instituto para o Ensino Superior\",\"potentialAction\":[{\"@type\":\"SearchAction\",\"target\":{\"@type\":\"EntryPoint\",\"urlTemplate\":\"https:\\\/\\\/dev.iesuperior.pt\\\/?s={search_term_string}\"},\"query-input\":{\"@type\":\"PropertyValueSpecification\",\"valueRequired\":true,\"valueName\":\"search_term_string\"}}],\"inLanguage\":\"en-GB\"}]}<\/script>\n<!-- \/ Yoast SEO plugin. -->","yoast_head_json":{"title":"Previous Organizations - IES","robots":{"index":"index","follow":"follow","max-snippet":"max-snippet:-1","max-image-preview":"max-image-preview:large","max-video-preview":"max-video-preview:-1"},"canonical":"https:\/\/dev.iesuperior.pt\/organismos-anteriores\/","og_locale":"en_GB","og_type":"article","og_title":"Organismos Anteriores - IES","og_url":"https:\/\/dev.iesuperior.pt\/organismos-anteriores\/","og_site_name":"IES","article_modified_time":"2026-02-20T16:46:19+00:00","twitter_card":"summary_large_image","schema":{"@context":"https:\/\/schema.org","@graph":[{"@type":"WebPage","@id":"https:\/\/dev.iesuperior.pt\/organismos-anteriores\/","url":"https:\/\/dev.iesuperior.pt\/organismos-anteriores\/","name":"Previous Organizations - IES","isPartOf":{"@id":"https:\/\/dev.iesuperior.pt\/#website"},"datePublished":"2025-10-13T11:55:28+00:00","dateModified":"2026-02-20T16:46:19+00:00","breadcrumb":{"@id":"https:\/\/dev.iesuperior.pt\/organismos-anteriores\/#breadcrumb"},"inLanguage":"en-GB","potentialAction":[{"@type":"ReadAction","target":["https:\/\/dev.iesuperior.pt\/organismos-anteriores\/"]}]},{"@type":"BreadcrumbList","@id":"https:\/\/dev.iesuperior.pt\/organismos-anteriores\/#breadcrumb","itemListElement":[{"@type":"ListItem","position":1,"name":"Home","item":"https:\/\/dev.iesuperior.pt\/"},{"@type":"ListItem","position":2,"name":"Organismos Anteriores"}]},{"@type":"WebSite","@id":"https:\/\/dev.iesuperior.pt\/#website","url":"https:\/\/dev.iesuperior.pt\/","name":"IES","description":"Institute for Higher Education","potentialAction":[{"@type":"SearchAction","target":{"@type":"EntryPoint","urlTemplate":"https:\/\/dev.iesuperior.pt\/?s={search_term_string}"},"query-input":{"@type":"PropertyValueSpecification","valueRequired":true,"valueName":"search_term_string"}}],"inLanguage":"en-GB"}]}},"_links":{"self":[{"href":"https:\/\/iesuperior.pt\/en\/wp-json\/wp\/v2\/pages\/18","targetHints":{"allow":["GET"]}}],"collection":[{"href":"https:\/\/iesuperior.pt\/en\/wp-json\/wp\/v2\/pages"}],"about":[{"href":"https:\/\/iesuperior.pt\/en\/wp-json\/wp\/v2\/types\/page"}],"author":[{"embeddable":true,"href":"https:\/\/iesuperior.pt\/en\/wp-json\/wp\/v2\/users\/2"}],"replies":[{"embeddable":true,"href":"https:\/\/iesuperior.pt\/en\/wp-json\/wp\/v2\/comments?post=18"}],"version-history":[{"count":32,"href":"https:\/\/iesuperior.pt\/en\/wp-json\/wp\/v2\/pages\/18\/revisions"}],"predecessor-version":[{"id":3237,"href":"https:\/\/iesuperior.pt\/en\/wp-json\/wp\/v2\/pages\/18\/revisions\/3237"}],"wp:attachment":[{"href":"https:\/\/iesuperior.pt\/en\/wp-json\/wp\/v2\/media?parent=18"}],"curies":[{"name":"wp","href":"https:\/\/api.w.org\/{rel}","templated":true}]}}